{"id":431,"date":"2025-08-10T01:56:04","date_gmt":"2025-08-09T22:56:04","guid":{"rendered":"https:\/\/exptiklatasin.com\/?page_id=431"},"modified":"2025-09-12T05:52:36","modified_gmt":"2025-09-12T02:52:36","slug":"hakkimizda","status":"publish","type":"page","link":"https:\/\/exptiklatasin.com\/de\/hakkimizda\/","title":{"rendered":"\u00dcber uns"},"content":{"rendered":"<div data-elementor-type=\"wp-page\" data-elementor-id=\"431\" class=\"elementor elementor-431\">\n\t\t\t\t<div class=\"elementor-element elementor-element-b11bf9e e-flex e-con-boxed e-con e-parent\" data-id=\"b11bf9e\" data-element_type=\"container\" data-settings=\"{&quot;background_background&quot;:&quot;classic&quot;,&quot;jet_parallax_layout_list&quot;:[]}\">\n\t\t\t\t\t<div class=\"e-con-inner\">\n\t\t<div class=\"elementor-element elementor-element-58e35d7 e-con-full e-flex e-con e-child\" data-id=\"58e35d7\" data-element_type=\"container\" data-settings=\"{&quot;jet_parallax_layout_list&quot;:[]}\">\n\t\t\t\t<div class=\"elementor-element elementor-element-a1c2924 elementor-widget elementor-widget-heading\" data-id=\"a1c2924\" data-element_type=\"widget\" data-widget_type=\"heading.default\">\n\t\t\t\t\t<h2 class=\"elementor-heading-title elementor-size-default\">\u00dcber uns<\/h2>\t\t\t\t<\/div>\n\t\t\t\t<\/div>\n\t\t\t\t\t<\/div>\n\t\t\t\t<\/div>\n\t\t<div class=\"elementor-element elementor-element-676695f e-flex e-con-boxed elementor-invisible e-con e-parent\" data-id=\"676695f\" data-element_type=\"container\" data-settings=\"{&quot;jet_parallax_layout_list&quot;:[],&quot;animation&quot;:&quot;fadeInUp&quot;}\">\n\t\t\t\t\t<div class=\"e-con-inner\">\n\t\t<div class=\"elementor-element elementor-element-37c8d29 e-con-full e-flex e-con e-child\" data-id=\"37c8d29\" data-element_type=\"container\" data-settings=\"{&quot;jet_parallax_layout_list&quot;:[]}\">\n\t\t\t\t<div class=\"elementor-element elementor-element-1432528 elementor-widget elementor-widget-heading\" data-id=\"1432528\" data-element_type=\"widget\" data-widget_type=\"heading.default\">\n\t\t\t\t\t<h2 class=\"elementor-heading-title elementor-size-default\">\u00dcber uns<\/h2>\t\t\t\t<\/div>\n\t\t\t\t<div class=\"elementor-element elementor-element-a787490 elementor-widget elementor-widget-text-editor\" data-id=\"a787490\" data-element_type=\"widget\" data-widget_type=\"text-editor.default\">\n\t\t\t\t\t\t\t\t\t<p><strong data-start=\"506\" data-end=\"521\">Klicken und verschieben<\/strong>, ein in Ankara ans\u00e4ssiges <strong data-start=\"543\" data-end=\"565\">Transport von Haus zu Haus<\/strong> Und <strong data-start=\"569\" data-end=\"598\">Integrierte Umzugsl\u00f6sungen<\/strong> Marke. Um den Umzugsprozess von Anfang bis Ende zu vereinfachen; <strong data-start=\"661\" data-end=\"681\">Aufzugstransport<\/strong>, <strong data-start=\"683\" data-end=\"725\">Stadt- und \u00dcberlandverkehr<\/strong>, <strong data-start=\"727\" data-end=\"756\">Warenverpackung und Konfektionierung<\/strong>, <strong data-start=\"758\" data-end=\"778\">versicherter Transport<\/strong>, <strong data-start=\"780\" data-end=\"810\">Transport von Firmenb\u00fcros<\/strong> zus\u00e4tzlich zu ihren Dienstleistungen <strong data-start=\"833\" data-end=\"924\">Malerarbeiten, Renovierung, Bauschlussreinigung, t\u00e4gliche\/leerstehende Hausreinigung und Desinfektion<\/strong> Es bietet erg\u00e4nzende Dienstleistungen unter einem Dach.<br data-start=\"976\" data-end=\"979\" \/>Ankaras <strong data-start=\"990\" data-end=\"1065\">Cankaya, Yenimahalle, Kecioren, Etimesgut, Golbasi, Eryaman, Ivedik organisierte Industriezone<\/strong> Lokale Expertise in und umliegenden Bezirken wird mit unserem umfangreichen Logistiknetzwerk kombiniert, das sich \u00fcber Istanbul, Izmir und die T\u00fcrkei erstreckt. Unser erfahrenes Betriebsteam, modern ausgestattete Fahrzeuge und <strong data-start=\"1253\" data-end=\"1273\">Aufzugstransport<\/strong> Dank unserer Systeme sind Ihre Wertgegenst\u00e4nde auch in Hochh\u00e4usern sicher aufgehoben. <strong data-start=\"1339\" data-end=\"1359\">sicher und schnell<\/strong> beweglich.<br data-start=\"1368\" data-end=\"1371\" \/>Bei Click and Move beginnt jeder Umzug mit der Planung: <strong data-start=\"1420\" data-end=\"1437\">Erkundung vor Ort<\/strong>, <strong data-start=\"1439\" data-end=\"1463\">spezieller Verpackungsplan<\/strong>, <strong data-start=\"1465\" data-end=\"1500\">Boden-\/Treppen- und Aufzugsanalyse<\/strong>, <strong data-start=\"1502\" data-end=\"1521\">Versicherungsschutz<\/strong> Und <strong data-start=\"1525\" data-end=\"1544\">Zeitleiste<\/strong> Transparente Preise, offene Kommunikation und <strong data-start=\"1599\" data-end=\"1619\">p\u00fcnktliche Lieferung<\/strong> sowohl unseren Privat- als auch Firmenkunden mit dem Grundsatz der <strong data-start=\"1675\" data-end=\"1700\">am n\u00e4chsten an Nullstress<\/strong> Unser Ziel ist es, das perfekte Umzugserlebnis zu bieten.<strong data-start=\"1741\" data-end=\"1754\">Ein Klick<\/strong> einen Preis bekommen, <strong data-start=\"1767\" data-end=\"1786\">sicher bewegen<\/strong>Unser Ansatz spiegelt unsere Servicestandards wider, die Qualit\u00e4t, Schnelligkeit und Vertrauen in einem Topf vereinen.<\/p>\t\t\t\t\t\t\t\t<\/div>\n\t\t\t\t<\/div>\n\t\t<div class=\"elementor-element elementor-element-330a2ee e-con-full e-flex e-con e-child\" data-id=\"330a2ee\" data-element_type=\"container\" data-settings=\"{&quot;jet_parallax_layout_list&quot;:[]}\">\n\t\t\t\t<div class=\"elementor-element elementor-element-789efa3 elementor-widget elementor-widget-image\" data-id=\"789efa3\" data-element_type=\"widget\" data-widget_type=\"image.default\">\n\t\t\t\t\t\t\t\t\t\t\t\t\t\t\t<img fetchpriority=\"high\" decoding=\"async\" width=\"765\" height=\"535\" src=\"https:\/\/exptiklatasin.com\/wp-content\/uploads\/2025\/09\/24.png\" class=\"attachment-large size-large wp-image-657\" alt=\"\" srcset=\"https:\/\/exptiklatasin.com\/wp-content\/uploads\/2025\/09\/24.png 765w, https:\/\/exptiklatasin.com\/wp-content\/uploads\/2025\/09\/24-300x210.png 300w, https:\/\/exptiklatasin.com\/wp-content\/uploads\/2025\/09\/24-18x12.png 18w\" sizes=\"(max-width: 765px) 100vw, 765px\" \/>\t\t\t\t\t\t\t\t\t\t\t\t\t\t\t<\/div>\n\t\t\t\t<\/div>\n\t\t\t\t\t<\/div>\n\t\t\t\t<\/div>\n\t\t<div class=\"elementor-element elementor-element-bd77be3 e-flex e-con-boxed elementor-invisible e-con e-parent\" data-id=\"bd77be3\" data-element_type=\"container\" data-settings=\"{&quot;background_background&quot;:&quot;classic&quot;,&quot;jet_parallax_layout_list&quot;:[],&quot;animation&quot;:&quot;fadeInUp&quot;}\">\n\t\t\t\t\t<div class=\"e-con-inner\">\n\t\t<div class=\"elementor-element elementor-element-76513e5 e-con-full e-flex e-con e-child\" data-id=\"76513e5\" data-element_type=\"container\" data-settings=\"{&quot;jet_parallax_layout_list&quot;:[]}\">\n\t\t\t\t<div class=\"elementor-element elementor-element-3c9f1de elementor-widget elementor-widget-heading\" data-id=\"3c9f1de\" data-element_type=\"widget\" data-widget_type=\"heading.default\">\n\t\t\t\t\t<h2 class=\"elementor-heading-title elementor-size-default\">Unsere Mission<\/h2>\t\t\t\t<\/div>\n\t\t\t\t<div class=\"elementor-element elementor-element-19262aa elementor-widget elementor-widget-text-editor\" data-id=\"19262aa\" data-element_type=\"widget\" data-widget_type=\"text-editor.default\">\n\t\t\t\t\t\t\t\t\t<p>Unsere Mission ist Ankara und in der gesamten T\u00fcrkei <strong data-start=\"1940\" data-end=\"1962\">Transport von Haus zu Haus<\/strong> Und <strong data-start=\"1966\" data-end=\"1987\">B\u00fcrotransport<\/strong> Prozesse; <strong data-start=\"2001\" data-end=\"2021\">Aufzugstransport<\/strong>, <strong data-start=\"2023\" data-end=\"2048\">professionelle Verpackung<\/strong> Und <strong data-start=\"2052\" data-end=\"2072\">versicherter Transport<\/strong> mit seinen Standards <strong data-start=\"2089\" data-end=\"2117\">schnell, transparent und sicher<\/strong> um die Zeit und das Eigentum unserer Kunden <strong data-start=\"2176\" data-end=\"2202\">mit h\u00f6chster Pr\u00e4zision<\/strong> End-to-End von vor dem Umzug bis nach dem Umzug <strong data-start=\"2267\" data-end=\"2286\">Komplettl\u00f6sung<\/strong> Wir bieten.<br data-start=\"2295\" data-end=\"2298\" \/>In diese Richtung; <strong data-start=\"2313\" data-end=\"2349\">Malerarbeiten, T\u00fcnchen, Renovierung und Reinigung<\/strong> integriert seine Dienstleistungen in Ihren Umzugsplan, sobald Sie den Lieferschl\u00fcssel umdrehen <strong data-start=\"2428\" data-end=\"2448\">bereit zur Eingew\u00f6hnung<\/strong> Wir schaffen Ordnung. In jedem Projekt <strong data-start=\"2484\" data-end=\"2499\" data-is-only-node=\"\">genaue Entdeckung<\/strong>, <strong data-start=\"2501\" data-end=\"2515\">das richtige Team<\/strong>, <strong data-start=\"2517\" data-end=\"2534\">die richtige Ausr\u00fcstung<\/strong> Und <strong data-start=\"2538\" data-end=\"2557\">richtiges Timing<\/strong> Durch unsere Weiterentwicklung verbessern wir kontinuierlich die Kundenzufriedenheit durch messbare KPIs (p\u00fcnktliche Lieferung, Schadenfreiheitsquote, Zufriedenheitsbewertung, Wiederbestellungsquote).<br data-start=\"2732\" data-end=\"2735\" \/>Kurz gesagt: Klicken und bewegen, <strong data-start=\"2757\" data-end=\"2785\">Ankunft zur versprochenen Zeit<\/strong>, <strong data-start=\"2787\" data-end=\"2818\">tr\u00e4gt wie versprochen<\/strong> Und <strong data-start=\"2822\" data-end=\"2858\">die versprochene Qualit\u00e4t liefern<\/strong> Unsere Mission ist es, ein zuverl\u00e4ssiger Gesch\u00e4ftspartner zu sein.<\/p>\t\t\t\t\t\t\t\t<\/div>\n\t\t\t\t<\/div>\n\t\t<div class=\"elementor-element elementor-element-55dc914 e-con-full e-flex e-con e-child\" data-id=\"55dc914\" data-element_type=\"container\" data-settings=\"{&quot;jet_parallax_layout_list&quot;:[]}\">\n\t\t\t\t<div class=\"elementor-element elementor-element-fd6db5a elementor-widget elementor-widget-heading\" data-id=\"fd6db5a\" data-element_type=\"widget\" data-widget_type=\"heading.default\">\n\t\t\t\t\t<h2 class=\"elementor-heading-title elementor-size-default\">Unsere Vision<\/h2>\t\t\t\t<\/div>\n\t\t\t\t<div class=\"elementor-element elementor-element-7c168ba elementor-widget elementor-widget-text-editor\" data-id=\"7c168ba\" data-element_type=\"widget\" data-widget_type=\"text-editor.default\">\n\t\t\t\t\t\t\t\t\t<p>Unsere Vision liegt in Ankara <strong data-start=\"2937\" data-end=\"2959\">Transport von Haus zu Haus<\/strong> kommt mir in den Sinn, wenn Sie sagen <strong data-start=\"2979\" data-end=\"2992\">erste Marke<\/strong> und in der gesamten T\u00fcrkei <strong data-start=\"3018\" data-end=\"3056\">Integrierte Umzugs- und Wohnvorbereitung<\/strong> Unser Ziel ist es, ein bahnbrechendes \u00d6kosystem im Konzept zu etablieren. In diesem \u00d6kosystem k\u00f6nnen unsere Kunden mit einer einzigen Ber\u00fchrung: <strong data-start=\"3145\" data-end=\"3191\">Transport + Verpackung + Versicherung + Aufzug<\/strong> von der Installation <strong data-start=\"3205\" data-end=\"3241\">Malerarbeiten + Renovierung + Reinigung<\/strong> zu den Prozessen <strong data-start=\"3260\" data-end=\"3276\">umfassend<\/strong> wird in der Lage sein, den Service zu empfangen.<br data-start=\"3298\" data-end=\"3301\" \/>Auf der digitalen Seite <strong data-start=\"3322\" data-end=\"3346\">intelligente Gebotsmaschine<\/strong>, <strong data-start=\"3348\" data-end=\"3388\">Schneller Preis per Foto mit WhatsApp<\/strong>, <strong data-start=\"3390\" data-end=\"3411\">Online-Dating<\/strong> Und <strong data-start=\"3415\" data-end=\"3431\">transparentes Tracking<\/strong> die Benutzererfahrung mit seinen Systemen kontinuierlich zu verbessern; auf der Betriebsseite <strong data-start=\"3510\" data-end=\"3532\" data-is-only-node=\"\">Flottenoptimierung<\/strong>, <strong data-start=\"3534\" data-end=\"3551\">Routenplanung<\/strong>, <strong data-start=\"3553\" data-end=\"3581\">Stockwerk-\/Aufzugsrisikoanalyse<\/strong> Und <strong data-start=\"3585\" data-end=\"3626\">Schadensverh\u00fctungsprotokolle f\u00fcr Verpackungen<\/strong> mit dem Sektor <strong data-start=\"3640\" data-end=\"3659\">die Qualit\u00e4tsleiste<\/strong> Unser Ziel ist es, zu erh\u00f6hen.<br data-start=\"3685\" data-end=\"3688\" \/>Mittelfristig wird Click and Move <strong data-start=\"3715\" data-end=\"3756\">Referenz im Intercity-Verkehr<\/strong>, <strong data-start=\"3758\" data-end=\"3804\">Unternehmensl\u00f6sungspartner f\u00fcr B\u00fcrotransporte<\/strong>, <strong data-start=\"3806\" data-end=\"3859\">Zuverl\u00e4ssige Erg\u00e4nzungsmarke f\u00fcr Reinigung und Renovierung<\/strong> w\u00e4hrend der Positionierung als; <strong data-start=\"3885\" data-end=\"3906\">Nachhaltigkeit<\/strong>, <strong data-start=\"3908\" data-end=\"3928\">Mitarbeiterentwicklung<\/strong> Und <strong data-start=\"3932\" data-end=\"3950\">lokale Besch\u00e4ftigung<\/strong> Wir werden unseren Fokus auf Wachstum legen.<\/p>\t\t\t\t\t\t\t\t<\/div>\n\t\t\t\t<\/div>\n\t\t<div class=\"elementor-element elementor-element-362a752 e-con-full e-flex e-con e-child\" data-id=\"362a752\" data-element_type=\"container\" data-settings=\"{&quot;jet_parallax_layout_list&quot;:[]}\">\n\t\t\t\t<div class=\"elementor-element elementor-element-53a4b91 elementor-widget elementor-widget-heading\" data-id=\"53a4b91\" data-element_type=\"widget\" data-widget_type=\"heading.default\">\n\t\t\t\t\t<h2 class=\"elementor-heading-title elementor-size-default\">Unsere Werte<\/h2>\t\t\t\t<\/div>\n\t\t\t\t<div class=\"elementor-element elementor-element-1e641ef elementor-widget elementor-widget-text-editor\" data-id=\"1e641ef\" data-element_type=\"widget\" data-widget_type=\"text-editor.default\">\n\t\t\t\t\t\t\t\t\t<ul><li data-start=\"3998\" data-end=\"4155\"><p data-start=\"4000\" data-end=\"4155\"><strong data-start=\"4000\" data-end=\"4023\">Vertrauen und Transparenz:<\/strong> Vertr\u00e4ge, Versicherungsschutz, Preise und Zeitpl\u00e4ne sind klar und verst\u00e4ndlich. Unsere Kunden werden in jeder Phase unterst\u00fctzt. <strong data-start=\"4127\" data-end=\"4140\">vollst\u00e4ndige Informationen<\/strong> wird Eigent\u00fcmer.<\/p><\/li><li data-start=\"4156\" data-end=\"4332\"><p data-start=\"4158\" data-end=\"4332\"><strong data-start=\"4158\" data-end=\"4181\">Verantwortung und Sorgfalt:<\/strong> Wir betrachten Ihre Sachen als unsere eigenen. <strong data-start=\"4223\" data-end=\"4248\">Professionelle Verpackung<\/strong>, <strong data-start=\"4250\" data-end=\"4270\">Aufzugstransport<\/strong> Und <strong data-start=\"4274\" data-end=\"4299\">versicherter Transport<\/strong> Wir minimieren Risiken mit.<\/p><\/li><li data-start=\"4333\" data-end=\"4488\"><p data-start=\"4335\" data-end=\"4488\"><strong data-start=\"4335\" data-end=\"4356\">P\u00fcnktliche Lieferung:<\/strong> Ein gro\u00dfer Teil des Stresses beim Umzug ist auf das Zeitmanagement zur\u00fcckzuf\u00fchren. <strong data-start=\"4409\" data-end=\"4421\">P\u00fcnktlichkeit<\/strong>, <strong data-start=\"4423\" data-end=\"4438\">geplantes Team<\/strong> Und <strong data-start=\"4442\" data-end=\"4459\">die richtige Ausr\u00fcstung<\/strong> ist f\u00fcr uns unverzichtbar.<\/p><\/li><li data-start=\"4489\" data-end=\"4610\"><p data-start=\"4491\" data-end=\"4610\"><strong data-start=\"4491\" data-end=\"4515\">Kundenzufriedenheit:<\/strong> Wir sammeln am Ende jedes Auftrags Feedback und passen unsere Prozesse anhand dieser Daten an. <strong data-start=\"4582\" data-end=\"4607\">Wir verbessern uns st\u00e4ndig<\/strong>.<\/p><\/li><li data-start=\"4611\" data-end=\"4794\"><p data-start=\"4613\" data-end=\"4794\"><strong data-start=\"4613\" data-end=\"4633\">Komplettl\u00f6sung:<\/strong> <strong data-start=\"4634\" data-end=\"4725\">Malerarbeiten, Renovierung, Bauschlussreinigung, t\u00e4gliche\/leerstehende Hausreinigung und Desinfektion<\/strong> Wir bieten alle erg\u00e4nzenden Leistungen, auch im Rahmen des gleichen Qualit\u00e4tsstandard an.<\/p><\/li><li data-start=\"4795\" data-end=\"5004\"><p data-start=\"4797\" data-end=\"5004\"><strong data-start=\"4797\" data-end=\"4831\">Lokale Expertise, nationale Reichweite:<\/strong> <strong data-start=\"4832\" data-end=\"4907\">Cankaya, Yenimahalle, Kecioren, Etimesgut, Golbasi, Eryaman, Ivedik organisierte Industriezone<\/strong> Lokale Erfahrung an Standorten wie Intercity-Linien <strong data-start=\"4967\" data-end=\"4983\">zuverl\u00e4ssiges Netzwerk<\/strong> Wir kombinieren mit.<\/p><\/li><li data-start=\"5005\" data-end=\"5154\"><p data-start=\"5007\" data-end=\"5154\"><strong data-start=\"5007\" data-end=\"5045\">Arbeitssicherheit und Nachhaltigkeit:<\/strong> Wir investieren in Arbeitssicherheitsschulungen f\u00fcr unsere Teams, in die Wartung der Ausr\u00fcstung und in umweltfreundliche Praktiken.<\/p><\/li><li data-start=\"5155\" data-end=\"5259\"><p data-start=\"5157\" data-end=\"5259\"><strong data-start=\"5157\" data-end=\"5184\">Ethik und Professionalit\u00e4t:<\/strong> Die Qualit\u00e4t, die wir jedem Kunden versprechen <strong data-start=\"5226\" data-end=\"5242\">gleichberechtigt und ethisch<\/strong> Wir pr\u00e4sentieren es im folgenden Format.<\/p><\/li><\/ul>\t\t\t\t\t\t\t\t<\/div>\n\t\t\t\t<\/div>\n\t\t\t\t\t<\/div>\n\t\t\t\t<\/div>\n\t\t\t\t<\/div>","protected":false},"excerpt":{"rendered":"<p>Hakk\u0131m\u0131zda Hakk\u0131m\u0131zda T\u0131kla Ta\u015f\u0131n, Ankara merkezli bir evden eve nakliyat ve entegre ta\u015f\u0131nma \u00e7\u00f6z\u00fcmleri markas\u0131d\u0131r. Ta\u015f\u0131nma s\u00fcrecini ba\u015ftan sona kolayla\u015ft\u0131rmak i\u00e7in; asans\u00f6rl\u00fc ta\u015f\u0131ma, \u015fehir i\u00e7i &amp; \u015fehirler aras\u0131 ta\u015f\u0131mac\u0131l\u0131k, e\u015fya paketleme ve ambalaj, sigortal\u0131 ta\u015f\u0131ma, kurumsal ofis ta\u015f\u0131mac\u0131l\u0131\u011f\u0131 hizmetlerinin yan\u0131nda boya\u2013badana, tadilat, in\u015faat sonras\u0131 temizlik, g\u00fcnl\u00fck\/bo\u015f ev temizli\u011fi ve dezenfeksiyon gibi tamamlay\u0131c\u0131 hizmetleri tek \u00e7at\u0131 [&hellip;]<\/p>","protected":false},"author":1,"featured_media":632,"parent":0,"menu_order":0,"comment_status":"closed","ping_status":"closed","template":"elementor_header_footer","meta":{"_acf_changed":false,"footnotes":""},"class_list":["post-431","page","type-page","status-publish","has-post-thumbnail","hentry"],"acf":[],"yoast_head":"<!-- This site is optimized with the Yoast SEO plugin v25.6 - https:\/\/yoast.com\/wordpress\/plugins\/seo\/ -->\n<title>Hakk\u0131m\u0131zda - Exp T\u0131kla Ta\u015f\u0131n | Ankara Nakliyat<\/title>\n<meta name=\"robots\" content=\"index, follow, max-snippet:-1, max-image-preview:large, max-video-preview:-1\" \/>\n<link rel=\"canonical\" href=\"https:\/\/exptiklatasin.com\/de\/hakkimizda\/\" \/>\n<meta property=\"og:locale\" content=\"de_DE\" \/>\n<meta property=\"og:type\" content=\"article\" \/>\n<meta property=\"og:title\" content=\"Hakk\u0131m\u0131zda - Exp T\u0131kla Ta\u015f\u0131n | Ankara Nakliyat\" \/>\n<meta property=\"og:description\" content=\"Hakk\u0131m\u0131zda Hakk\u0131m\u0131zda T\u0131kla Ta\u015f\u0131n, Ankara merkezli bir evden eve nakliyat ve entegre ta\u015f\u0131nma \u00e7\u00f6z\u00fcmleri markas\u0131d\u0131r. Ta\u015f\u0131nma s\u00fcrecini ba\u015ftan sona kolayla\u015ft\u0131rmak i\u00e7in; asans\u00f6rl\u00fc ta\u015f\u0131ma, \u015fehir i\u00e7i &amp; \u015fehirler aras\u0131 ta\u015f\u0131mac\u0131l\u0131k, e\u015fya paketleme ve ambalaj, sigortal\u0131 ta\u015f\u0131ma, kurumsal ofis ta\u015f\u0131mac\u0131l\u0131\u011f\u0131 hizmetlerinin yan\u0131nda boya\u2013badana, tadilat, in\u015faat sonras\u0131 temizlik, g\u00fcnl\u00fck\/bo\u015f ev temizli\u011fi ve dezenfeksiyon gibi tamamlay\u0131c\u0131 hizmetleri tek \u00e7at\u0131 [&hellip;]\" \/>\n<meta property=\"og:url\" content=\"https:\/\/exptiklatasin.com\/de\/hakkimizda\/\" \/>\n<meta property=\"og:site_name\" content=\"Exp T\u0131kla Ta\u015f\u0131n | Ankara Nakliyat\" \/>\n<meta property=\"article:modified_time\" content=\"2025-09-12T02:52:36+00:00\" \/>\n<meta property=\"og:image\" content=\"https:\/\/exptiklatasin.com\/wp-content\/uploads\/2025\/09\/tikla-tasin-favicon.png\" \/>\n\t<meta property=\"og:image:width\" content=\"512\" \/>\n\t<meta property=\"og:image:height\" content=\"512\" \/>\n\t<meta property=\"og:image:type\" content=\"image\/png\" \/>\n<meta name=\"twitter:card\" content=\"summary_large_image\" \/>\n<meta name=\"twitter:label1\" content=\"Gesch\u00e4tzte Lesezeit\" \/>\n\t<meta name=\"twitter:data1\" content=\"4\u00a0Minuten\" \/>\n<script type=\"application\/ld+json\" class=\"yoast-schema-graph\">{\"@context\":\"https:\/\/schema.org\",\"@graph\":[{\"@type\":\"WebPage\",\"@id\":\"https:\/\/exptiklatasin.com\/hakkimizda\/\",\"url\":\"https:\/\/exptiklatasin.com\/hakkimizda\/\",\"name\":\"Hakk\u0131m\u0131zda - Exp T\u0131kla Ta\u015f\u0131n | Ankara Nakliyat\",\"isPartOf\":{\"@id\":\"https:\/\/exptiklatasin.com\/#website\"},\"primaryImageOfPage\":{\"@id\":\"https:\/\/exptiklatasin.com\/hakkimizda\/#primaryimage\"},\"image\":{\"@id\":\"https:\/\/exptiklatasin.com\/hakkimizda\/#primaryimage\"},\"thumbnailUrl\":\"https:\/\/exptiklatasin.com\/wp-content\/uploads\/2025\/09\/tikla-tasin-favicon.png\",\"datePublished\":\"2025-08-09T22:56:04+00:00\",\"dateModified\":\"2025-09-12T02:52:36+00:00\",\"breadcrumb\":{\"@id\":\"https:\/\/exptiklatasin.com\/hakkimizda\/#breadcrumb\"},\"inLanguage\":\"de\",\"potentialAction\":[{\"@type\":\"ReadAction\",\"target\":[\"https:\/\/exptiklatasin.com\/hakkimizda\/\"]}]},{\"@type\":\"ImageObject\",\"inLanguage\":\"de\",\"@id\":\"https:\/\/exptiklatasin.com\/hakkimizda\/#primaryimage\",\"url\":\"https:\/\/exptiklatasin.com\/wp-content\/uploads\/2025\/09\/tikla-tasin-favicon.png\",\"contentUrl\":\"https:\/\/exptiklatasin.com\/wp-content\/uploads\/2025\/09\/tikla-tasin-favicon.png\",\"width\":512,\"height\":512},{\"@type\":\"BreadcrumbList\",\"@id\":\"https:\/\/exptiklatasin.com\/hakkimizda\/#breadcrumb\",\"itemListElement\":[{\"@type\":\"ListItem\",\"position\":1,\"name\":\"Anasayfa\",\"item\":\"https:\/\/exptiklatasin.com\/\"},{\"@type\":\"ListItem\",\"position\":2,\"name\":\"Hakk\u0131m\u0131zda\"}]},{\"@type\":\"WebSite\",\"@id\":\"https:\/\/exptiklatasin.com\/#website\",\"url\":\"https:\/\/exptiklatasin.com\/\",\"name\":\"Exp T\u0131kla Ta\u015f\u0131n | Ankara Nakliyat\",\"description\":\"Exp T\u0131kla Ta\u015f\u0131n | Ankara Nakliyat\",\"potentialAction\":[{\"@type\":\"SearchAction\",\"target\":{\"@type\":\"EntryPoint\",\"urlTemplate\":\"https:\/\/exptiklatasin.com\/?s={search_term_string}\"},\"query-input\":{\"@type\":\"PropertyValueSpecification\",\"valueRequired\":true,\"valueName\":\"search_term_string\"}}],\"inLanguage\":\"de\"}]}<\/script>\n<!-- \/ Yoast SEO plugin. -->","yoast_head_json":{"title":"Hakk\u0131m\u0131zda - Exp T\u0131kla Ta\u015f\u0131n | Ankara Nakliyat","robots":{"index":"index","follow":"follow","max-snippet":"max-snippet:-1","max-image-preview":"max-image-preview:large","max-video-preview":"max-video-preview:-1"},"canonical":"https:\/\/exptiklatasin.com\/de\/hakkimizda\/","og_locale":"de_DE","og_type":"article","og_title":"Hakk\u0131m\u0131zda - Exp T\u0131kla Ta\u015f\u0131n | Ankara Nakliyat","og_description":"Hakk\u0131m\u0131zda Hakk\u0131m\u0131zda T\u0131kla Ta\u015f\u0131n, Ankara merkezli bir evden eve nakliyat ve entegre ta\u015f\u0131nma \u00e7\u00f6z\u00fcmleri markas\u0131d\u0131r. Ta\u015f\u0131nma s\u00fcrecini ba\u015ftan sona kolayla\u015ft\u0131rmak i\u00e7in; asans\u00f6rl\u00fc ta\u015f\u0131ma, \u015fehir i\u00e7i &amp; \u015fehirler aras\u0131 ta\u015f\u0131mac\u0131l\u0131k, e\u015fya paketleme ve ambalaj, sigortal\u0131 ta\u015f\u0131ma, kurumsal ofis ta\u015f\u0131mac\u0131l\u0131\u011f\u0131 hizmetlerinin yan\u0131nda boya\u2013badana, tadilat, in\u015faat sonras\u0131 temizlik, g\u00fcnl\u00fck\/bo\u015f ev temizli\u011fi ve dezenfeksiyon gibi tamamlay\u0131c\u0131 hizmetleri tek \u00e7at\u0131 [&hellip;]","og_url":"https:\/\/exptiklatasin.com\/de\/hakkimizda\/","og_site_name":"Exp T\u0131kla Ta\u015f\u0131n | Ankara Nakliyat","article_modified_time":"2025-09-12T02:52:36+00:00","og_image":[{"width":512,"height":512,"url":"https:\/\/exptiklatasin.com\/wp-content\/uploads\/2025\/09\/tikla-tasin-favicon.png","type":"image\/png"}],"twitter_card":"summary_large_image","twitter_misc":{"Gesch\u00e4tzte Lesezeit":"4\u00a0Minuten"},"schema":{"@context":"https:\/\/schema.org","@graph":[{"@type":"WebPage","@id":"https:\/\/exptiklatasin.com\/hakkimizda\/","url":"https:\/\/exptiklatasin.com\/hakkimizda\/","name":"Hakk\u0131m\u0131zda - Exp T\u0131kla Ta\u015f\u0131n | Ankara Nakliyat","isPartOf":{"@id":"https:\/\/exptiklatasin.com\/#website"},"primaryImageOfPage":{"@id":"https:\/\/exptiklatasin.com\/hakkimizda\/#primaryimage"},"image":{"@id":"https:\/\/exptiklatasin.com\/hakkimizda\/#primaryimage"},"thumbnailUrl":"https:\/\/exptiklatasin.com\/wp-content\/uploads\/2025\/09\/tikla-tasin-favicon.png","datePublished":"2025-08-09T22:56:04+00:00","dateModified":"2025-09-12T02:52:36+00:00","breadcrumb":{"@id":"https:\/\/exptiklatasin.com\/hakkimizda\/#breadcrumb"},"inLanguage":"de","potentialAction":[{"@type":"ReadAction","target":["https:\/\/exptiklatasin.com\/hakkimizda\/"]}]},{"@type":"ImageObject","inLanguage":"de","@id":"https:\/\/exptiklatasin.com\/hakkimizda\/#primaryimage","url":"https:\/\/exptiklatasin.com\/wp-content\/uploads\/2025\/09\/tikla-tasin-favicon.png","contentUrl":"https:\/\/exptiklatasin.com\/wp-content\/uploads\/2025\/09\/tikla-tasin-favicon.png","width":512,"height":512},{"@type":"BreadcrumbList","@id":"https:\/\/exptiklatasin.com\/hakkimizda\/#breadcrumb","itemListElement":[{"@type":"ListItem","position":1,"name":"Anasayfa","item":"https:\/\/exptiklatasin.com\/"},{"@type":"ListItem","position":2,"name":"Hakk\u0131m\u0131zda"}]},{"@type":"WebSite","@id":"https:\/\/exptiklatasin.com\/#website","url":"https:\/\/exptiklatasin.com\/","name":"Exp T\u0131kla Ta\u015f\u0131n | Ankara Nakliyat","description":"Exp T\u0131kla Ta\u015f\u0131n | Ankara Nakliyat","potentialAction":[{"@type":"SearchAction","target":{"@type":"EntryPoint","urlTemplate":"https:\/\/exptiklatasin.com\/?s={search_term_string}"},"query-input":{"@type":"PropertyValueSpecification","valueRequired":true,"valueName":"search_term_string"}}],"inLanguage":"de"}]}},"_links":{"self":[{"href":"https:\/\/exptiklatasin.com\/de\/wp-json\/wp\/v2\/pages\/431","targetHints":{"allow":["GET"]}}],"collection":[{"href":"https:\/\/exptiklatasin.com\/de\/wp-json\/wp\/v2\/pages"}],"about":[{"href":"https:\/\/exptiklatasin.com\/de\/wp-json\/wp\/v2\/types\/page"}],"author":[{"embeddable":true,"href":"https:\/\/exptiklatasin.com\/de\/wp-json\/wp\/v2\/users\/1"}],"replies":[{"embeddable":true,"href":"https:\/\/exptiklatasin.com\/de\/wp-json\/wp\/v2\/comments?post=431"}],"version-history":[{"count":11,"href":"https:\/\/exptiklatasin.com\/de\/wp-json\/wp\/v2\/pages\/431\/revisions"}],"predecessor-version":[{"id":701,"href":"https:\/\/exptiklatasin.com\/de\/wp-json\/wp\/v2\/pages\/431\/revisions\/701"}],"wp:featuredmedia":[{"embeddable":true,"href":"https:\/\/exptiklatasin.com\/de\/wp-json\/wp\/v2\/media\/632"}],"wp:attachment":[{"href":"https:\/\/exptiklatasin.com\/de\/wp-json\/wp\/v2\/media?parent=431"}],"curies":[{"name":"wp","href":"https:\/\/api.w.org\/{rel}","templated":true}]}}